{"id":2037,"date":"2025-09-26T10:31:12","date_gmt":"2025-09-26T08:31:12","guid":{"rendered":"https:\/\/solideogloria-muenchen.de\/?page_id=2037"},"modified":"2025-09-26T10:43:25","modified_gmt":"2025-09-26T08:43:25","slug":"urheberrecht-nutzung","status":"publish","type":"page","link":"https:\/\/solideogloria-muenchen.de\/en\/urheberrecht-nutzung\/","title":{"rendered":"Urheberrecht &amp; Nutzungsbedingungen"},"content":{"rendered":"<h1 class=\"wp-block-heading has-x-large-font-size\">Urheberrecht &amp; Nutzungsbedingungen<\/h1>\n\n\n\n<h2 class=\"wp-block-heading has-medium-font-size\">Urheberrecht<\/h2>\n\n\n\n<p>Die Inhalte (Audio, Video, Text) der Predigten auf dieser Website sind urheberrechtlich gesch\u00fctzt. Das Urheberrecht liegt \u2013 sofern nicht anders angegeben \u2013 bei den jeweiligen Predigern sowie der Freikirche Soli Deo Gloria Gemeinde M\u00fcnchen e.V. <\/p>\n\n\n\n<h2 class=\"wp-block-heading has-medium-font-size\">Nutzung<\/h2>\n\n\n\n<p>Die Predigten d\u00fcrfen f\u00fcr den privaten Gebrauch kostenfrei angesehen, angeh\u00f6rt und heruntergeladen werden.<\/p>\n\n\n\n<p>Eine Vervielf\u00e4ltigung, Bearbeitung, \u00f6ffentliche Vorf\u00fchrung oder sonstige Weitergabe \u2013 ganz oder in Teilen \u2013 ist nur mit vorheriger schriftlicher Genehmigung der Freikirche Soli Deo Gloria gestattet.<\/p>\n\n\n\n<p>F\u00fcr Genehmigungsanfragen wenden Sie sich bitte an\u00a0<a href=\"mailto:info@solideogloria-muenchen.de\" target=\"_blank\" rel=\"noreferrer noopener\">info@solideogloria-muenchen.de<\/a>.<\/p>\n\n\n\n<h2 class=\"wp-block-heading has-medium-font-size\">Bibelzitate (wenn nicht anders angegeben)<\/h2>\n\n\n\n<ul class=\"wp-block-list\">\n<li>Elberfelder Bibel 2006, \u00a9 2006 SCM R. Brockhaus, Witten\/Holzgerlingen. Alle Rechte vorbehalten.<\/li>\n\n\n\n<li>Tamil Bible, \u00a9 The Bible Society of India, Bangalore. Alle Rechte vorbehalten.. Alle Rechte vorbehalten. und sind mit den entsprechenden Quellenhinweisen versehen.<\/li>\n<\/ul>\n\n\n\n<p><\/p>","protected":false},"excerpt":{"rendered":"<p>Urheberrecht &amp; Nutzungsbedingungen Urheberrecht Die Inhalte (Audio, Video, Text) der Predigten auf dieser Website sind urheberrechtlich gesch\u00fctzt. Das Urheberrecht liegt \u2013 sofern nicht anders angegeben \u2013 bei den jeweiligen Predigern sowie der Freikirche Soli Deo Gloria Gemeinde M\u00fcnchen e.V. Nutzung Die Predigten d\u00fcrfen f\u00fcr den privaten Gebrauch kostenfrei angesehen, angeh\u00f6rt und heruntergeladen werden. Eine Vervielf\u00e4ltigung, [&hellip;]<\/p>","protected":false},"author":3,"featured_media":0,"parent":0,"menu_order":0,"comment_status":"closed","ping_status":"closed","template":"","meta":{"site-sidebar-layout":"default","site-content-layout":"","ast-site-content-layout":"default","site-content-style":"default","site-sidebar-style":"default","ast-global-header-display":"","ast-banner-title-visibility":"","ast-main-header-display":"","ast-hfb-above-header-display":"","ast-hfb-below-header-display":"","ast-hfb-mobile-header-display":"","site-post-title":"disabled","ast-breadcrumbs-content":"","ast-featured-img":"","footer-sml-layout":"","ast-disable-related-posts":"","theme-transparent-header-meta":"","adv-header-id-meta":"","stick-header-meta":"","header-above-stick-meta":"","header-main-stick-meta":"","header-below-stick-meta":"","astra-migrate-meta-layouts":"set","ast-page-background-enabled":"default","ast-page-background-meta":{"desktop":{"background-color":"var(--ast-global-color-4)","background-image":"","background-repeat":"repeat","background-position":"center center","background-size":"auto","background-attachment":"scroll","background-type":"","background-media":"","overlay-type":"","overlay-color":"","overlay-opacity":"","overlay-gradient":""},"tablet":{"background-color":"","background-image":"","background-repeat":"repeat","background-position":"center center","background-size":"auto","background-attachment":"scroll","background-type":"","background-media":"","overlay-type":"","overlay-color":"","overlay-opacity":"","overlay-gradient":""},"mobile":{"background-color":"","background-image":"","background-repeat":"repeat","background-position":"center center","background-size":"auto","background-attachment":"scroll","background-type":"","background-media":"","overlay-type":"","overlay-color":"","overlay-opacity":"","overlay-gradient":""}},"ast-content-background-meta":{"desktop":{"background-color":"var(--ast-global-color-5)","background-image":"","background-repeat":"repeat","background-position":"center center","background-size":"auto","background-attachment":"scroll","background-type":"","background-media":"","overlay-type":"","overlay-color":"","overlay-opacity":"","overlay-gradient":""},"tablet":{"background-color":"var(--ast-global-color-5)","background-image":"","background-repeat":"repeat","background-position":"center center","background-size":"auto","background-attachment":"scroll","background-type":"","background-media":"","overlay-type":"","overlay-color":"","overlay-opacity":"","overlay-gradient":""},"mobile":{"background-color":"var(--ast-global-color-5)","background-image":"","background-repeat":"repeat","background-position":"center center","background-size":"auto","background-attachment":"scroll","background-type":"","background-media":"","overlay-type":"","overlay-color":"","overlay-opacity":"","overlay-gradient":""}},"footnotes":""},"class_list":["post-2037","page","type-page","status-publish","hentry"],"yoast_head":"<!-- This site is optimized with the Yoast SEO plugin v26.1.1 - https:\/\/yoast.com\/wordpress\/plugins\/seo\/ -->\n<title>Urheberrecht &amp; Nutzungsbedingungen | Soli Deo Gloria<\/title>\n<meta name=\"description\" content=\"Urheberrecht f\u00fcr Predigten und Inhalte der Soli Deo Gloria Gemeinde M\u00fcnchen: Nutzungshinweise, Schutzrechte und Kontakt f\u00fcr Genehmigungen.\" \/>\n<meta name=\"robots\" content=\"index, follow, max-snippet:-1, max-image-preview:large, max-video-preview:-1\" \/>\n<link rel=\"canonical\" href=\"https:\/\/solideogloria-muenchen.de\/en\/urheberrecht-nutzung\/\" \/>\n<meta property=\"og:locale\" content=\"en_US\" \/>\n<meta property=\"og:type\" content=\"article\" \/>\n<meta property=\"og:title\" content=\"Urheberrecht &amp; Nutzungsbedingungen | Soli Deo Gloria\" \/>\n<meta property=\"og:description\" content=\"Urheberrecht f\u00fcr Predigten und Inhalte der Soli Deo Gloria Gemeinde M\u00fcnchen: Nutzungshinweise, Schutzrechte und Kontakt f\u00fcr Genehmigungen.\" \/>\n<meta property=\"og:url\" content=\"https:\/\/solideogloria-muenchen.de\/en\/urheberrecht-nutzung\/\" \/>\n<meta property=\"og:site_name\" content=\"Soli Deo Gloria\" \/>\n<meta property=\"article:modified_time\" content=\"2025-09-26T08:43:25+00:00\" \/>\n<meta name=\"twitter:card\" content=\"summary_large_image\" \/>\n<script type=\"application\/ld+json\" class=\"yoast-schema-graph\">{\"@context\":\"https:\/\/schema.org\",\"@graph\":[{\"@type\":\"WebPage\",\"@id\":\"https:\/\/solideogloria-muenchen.de\/urheberrecht-nutzung\/\",\"url\":\"https:\/\/solideogloria-muenchen.de\/urheberrecht-nutzung\/\",\"name\":\"Urheberrecht &amp; Nutzungsbedingungen | Soli Deo Gloria\",\"isPartOf\":{\"@id\":\"https:\/\/solideogloria-muenchen.de\/#website\"},\"datePublished\":\"2025-09-26T08:31:12+00:00\",\"dateModified\":\"2025-09-26T08:43:25+00:00\",\"description\":\"Urheberrecht f\u00fcr Predigten und Inhalte der Soli Deo Gloria Gemeinde M\u00fcnchen: Nutzungshinweise, Schutzrechte und Kontakt f\u00fcr Genehmigungen.\",\"breadcrumb\":{\"@id\":\"https:\/\/solideogloria-muenchen.de\/urheberrecht-nutzung\/#breadcrumb\"},\"inLanguage\":\"en-US\",\"potentialAction\":[{\"@type\":\"ReadAction\",\"target\":[\"https:\/\/solideogloria-muenchen.de\/urheberrecht-nutzung\/\"]}]},{\"@type\":\"BreadcrumbList\",\"@id\":\"https:\/\/solideogloria-muenchen.de\/urheberrecht-nutzung\/#breadcrumb\",\"itemListElement\":[{\"@type\":\"ListItem\",\"position\":1,\"name\":\"Startseite\",\"item\":\"https:\/\/solideogloria-muenchen.de\/\"},{\"@type\":\"ListItem\",\"position\":2,\"name\":\"Urheberrecht &amp; Nutzungsbedingungen\"}]},{\"@type\":\"WebSite\",\"@id\":\"https:\/\/solideogloria-muenchen.de\/#website\",\"url\":\"https:\/\/solideogloria-muenchen.de\/\",\"name\":\"Soli Deo Gloria\",\"description\":\"Christliche Gemeinde M\u00fcnchen\",\"potentialAction\":[{\"@type\":\"SearchAction\",\"target\":{\"@type\":\"EntryPoint\",\"urlTemplate\":\"https:\/\/solideogloria-muenchen.de\/?s={search_term_string}\"},\"query-input\":{\"@type\":\"PropertyValueSpecification\",\"valueRequired\":true,\"valueName\":\"search_term_string\"}}],\"inLanguage\":\"en-US\"}]}<\/script>\n<!-- \/ Yoast SEO plugin. -->","yoast_head_json":{"title":"Urheberrecht &amp; Nutzungsbedingungen | Soli Deo Gloria","description":"Urheberrecht f\u00fcr Predigten und Inhalte der Soli Deo Gloria Gemeinde M\u00fcnchen: Nutzungshinweise, Schutzrechte und Kontakt f\u00fcr Genehmigungen.","robots":{"index":"index","follow":"follow","max-snippet":"max-snippet:-1","max-image-preview":"max-image-preview:large","max-video-preview":"max-video-preview:-1"},"canonical":"https:\/\/solideogloria-muenchen.de\/en\/urheberrecht-nutzung\/","og_locale":"en_US","og_type":"article","og_title":"Urheberrecht &amp; Nutzungsbedingungen | Soli Deo Gloria","og_description":"Urheberrecht f\u00fcr Predigten und Inhalte der Soli Deo Gloria Gemeinde M\u00fcnchen: Nutzungshinweise, Schutzrechte und Kontakt f\u00fcr Genehmigungen.","og_url":"https:\/\/solideogloria-muenchen.de\/en\/urheberrecht-nutzung\/","og_site_name":"Soli Deo Gloria","article_modified_time":"2025-09-26T08:43:25+00:00","twitter_card":"summary_large_image","schema":{"@context":"https:\/\/schema.org","@graph":[{"@type":"WebPage","@id":"https:\/\/solideogloria-muenchen.de\/urheberrecht-nutzung\/","url":"https:\/\/solideogloria-muenchen.de\/urheberrecht-nutzung\/","name":"Urheberrecht &amp; Nutzungsbedingungen | Soli Deo Gloria","isPartOf":{"@id":"https:\/\/solideogloria-muenchen.de\/#website"},"datePublished":"2025-09-26T08:31:12+00:00","dateModified":"2025-09-26T08:43:25+00:00","description":"Urheberrecht f\u00fcr Predigten und Inhalte der Soli Deo Gloria Gemeinde M\u00fcnchen: Nutzungshinweise, Schutzrechte und Kontakt f\u00fcr Genehmigungen.","breadcrumb":{"@id":"https:\/\/solideogloria-muenchen.de\/urheberrecht-nutzung\/#breadcrumb"},"inLanguage":"en-US","potentialAction":[{"@type":"ReadAction","target":["https:\/\/solideogloria-muenchen.de\/urheberrecht-nutzung\/"]}]},{"@type":"BreadcrumbList","@id":"https:\/\/solideogloria-muenchen.de\/urheberrecht-nutzung\/#breadcrumb","itemListElement":[{"@type":"ListItem","position":1,"name":"Startseite","item":"https:\/\/solideogloria-muenchen.de\/"},{"@type":"ListItem","position":2,"name":"Urheberrecht &amp; Nutzungsbedingungen"}]},{"@type":"WebSite","@id":"https:\/\/solideogloria-muenchen.de\/#website","url":"https:\/\/solideogloria-muenchen.de\/","name":"Soli Deo Gloria","description":"Christliche Gemeinde M\u00fcnchen","potentialAction":[{"@type":"SearchAction","target":{"@type":"EntryPoint","urlTemplate":"https:\/\/solideogloria-muenchen.de\/?s={search_term_string}"},"query-input":{"@type":"PropertyValueSpecification","valueRequired":true,"valueName":"search_term_string"}}],"inLanguage":"en-US"}]}},"_links":{"self":[{"href":"https:\/\/solideogloria-muenchen.de\/en\/wp-json\/wp\/v2\/pages\/2037","targetHints":{"allow":["GET"]}}],"collection":[{"href":"https:\/\/solideogloria-muenchen.de\/en\/wp-json\/wp\/v2\/pages"}],"about":[{"href":"https:\/\/solideogloria-muenchen.de\/en\/wp-json\/wp\/v2\/types\/page"}],"author":[{"embeddable":true,"href":"https:\/\/solideogloria-muenchen.de\/en\/wp-json\/wp\/v2\/users\/3"}],"replies":[{"embeddable":true,"href":"https:\/\/solideogloria-muenchen.de\/en\/wp-json\/wp\/v2\/comments?post=2037"}],"version-history":[{"count":10,"href":"https:\/\/solideogloria-muenchen.de\/en\/wp-json\/wp\/v2\/pages\/2037\/revisions"}],"predecessor-version":[{"id":2052,"href":"https:\/\/solideogloria-muenchen.de\/en\/wp-json\/wp\/v2\/pages\/2037\/revisions\/2052"}],"wp:attachment":[{"href":"https:\/\/solideogloria-muenchen.de\/en\/wp-json\/wp\/v2\/media?parent=2037"}],"curies":[{"name":"wp","href":"https:\/\/api.w.org\/{rel}","templated":true}]}}